{"id":268,"date":"2020-08-30T12:40:59","date_gmt":"2020-08-30T12:40:59","guid":{"rendered":"https:\/\/greenmotorshow.solarimpulse.it\/?page_id=268"},"modified":"2020-09-07T08:07:19","modified_gmt":"2020-09-07T08:07:19","slug":"capitolo-5","status":"publish","type":"page","link":"https:\/\/greenmotorshow.solarimpulse.it\/index.php\/diario-di-viaggio\/capitolo-5\/","title":{"rendered":"Capitolo 5"},"content":{"rendered":"\n<h1><strong>Poteva andar peggio,<br>avrebbe potuto piovere<\/strong><\/h1>\n\n\n\n<div class=\"wp-block-image\"><figure class=\"alignright size-large\"><img fetchpriority=\"high\" decoding=\"async\" width=\"221\" height=\"345\" src=\"https:\/\/greenmotorshow.solarimpulse.it\/wp-content\/uploads\/2020\/08\/Lo-Zen-e-larte-della-manutenzione-della-motocicletta.jpg\" alt=\"\" class=\"wp-image-270\" srcset=\"https:\/\/greenmotorshow.solarimpulse.it\/wp-content\/uploads\/2020\/08\/Lo-Zen-e-larte-della-manutenzione-della-motocicletta.jpg 221w, https:\/\/greenmotorshow.solarimpulse.it\/wp-content\/uploads\/2020\/08\/Lo-Zen-e-larte-della-manutenzione-della-motocicletta-192x300.jpg 192w\" sizes=\"(max-width: 221px) 100vw, 221px\" \/><\/figure><\/div>\n\n\n\n<p>Siamo arrivati al nostro ultimo giorno di viaggio. Non tutto \u00e8 andato come previsto, ma tutto \u00e8 bene quel finisce bene. Anche noi, come il protagonista del libro cult <em><strong>Lo Zen e l&#8217;arte della manutenzione della motocicletta<\/strong><\/em>, siamo partiti con \u00abpi\u00f9 voglia di viaggiare che non di arrivare in un posto prestabilito\u00bb.  Non cercavo il significato metafisico della qualit\u00e0 e non voleva essere un viaggio iniziatico. Non voleva essere neppure la classica vacanza, piuttosto <strong>l&#8217;occasione per condividere con mia figlia un percorso<\/strong> che inizia con una meta ma pu\u00f2 prendere strade diverse e impreviste, riservare sorprese positive e fastidiosi contrattempi. Non aver raggiunto la meta prefissata non \u00e8 stata una sconfitta, ha messo alla prova la nostra capacit\u00e0 di adattamento e di cogliere il bello che anche la situazione peggiore nasconde sempre. Nel presentarvi Carlotta l&#8217;ho definita dolcissima e dispettosa. In questi sette giorni intensi mi ha regalato soltanto il primo aspetto. Mi ha assecondato, \u00e8 stata collaborativa, non si \u00e8 mai persa d&#8217;animo e ha scattato alcune fotografie bellissime (a breve ve le proporr\u00f2 in una galleria). <\/p>\n\n\n\n<div class=\"wp-block-image\"><figure class=\"alignleft size-large\"><img decoding=\"async\" width=\"300\" height=\"360\" src=\"https:\/\/greenmotorshow.solarimpulse.it\/wp-content\/uploads\/2020\/08\/umbria-in-moto.jpg\" alt=\"\" class=\"wp-image-271\" srcset=\"https:\/\/greenmotorshow.solarimpulse.it\/wp-content\/uploads\/2020\/08\/umbria-in-moto.jpg 300w, https:\/\/greenmotorshow.solarimpulse.it\/wp-content\/uploads\/2020\/08\/umbria-in-moto-250x300.jpg 250w\" sizes=\"(max-width: 300px) 100vw, 300px\" \/><\/figure><\/div>\n\n\n\n<p>Il percorso che da <strong>Spina di Marsciano<\/strong> deve riportarci a <strong>Riccione<\/strong> \u00e8 lungo 230 Km. Dovremo fermarci sicuramente a Fabriano e, se faremo qualche deviazione, anche a Falconara Marittima. Queste zone sono talmente belle e suggestive. La tentazione di imboccare una strada poco battuta difficile da sconfiggere. Senza esagerare. Da Riccione ci aspettano altri cento Km in sella alla vecchia Hornet per tornare alla base, a <strong>Lido di Spina<\/strong>.<br>A <strong>Fabriano<\/strong> mentre la moto \u00e8 collegata alla presa ccs2 e io sono dal tabaccaio, Carlotta viene avvicinata da un signore che si qualifica come vice sindaco. Vuole scattare una foto. Non crede ai suoi occhi, <strong>&#8220;finalmente qualcuno la usa&#8221;<\/strong>, esclama prima di andarsene. Fossi stato presente mi sarei fatto raccontare qualcosa di pi\u00f9, anche sulla difficile situazione che la citt\u00e0 sta vivendo con la crisi delle cartiere e della Merloni.<\/p>\n\n\n\n<p>Si riparte e iniziano le brutte sorprese. La colonnina di ricarica veloce di <strong>Falconara<\/strong> <strong>Marittima<\/strong> non funziona. L&#8217;applicazione <strong>JuicePass<\/strong> non lo sa. Dopo vari tentativi con l&#8217;operatore del call center, decidiamo di proseguire fino a Pesaro. Stessa storia. Ve l&#8217;ho gi\u00e0 raccontata qui <a href=\"https:\/\/greenmotorshow.solarimpulse.it\/index.php\/2020\/08\/30\/ops-qualcosa-e-andato-storto\/\">https:\/\/greenmotorshow.solarimpulse.it\/index.php\/2020\/08\/30\/ops-qualcosa-e-andato-storto\/<\/a>. Dobbiamo accontentarci di una normale Tipo2 nel parcheggio di un Conad pi\u00f9 piccolo e centrale. Mancano soltanto 30 Km, non ci occorre moltissima energia, soltanto molta pazienza.<\/p>\n\n\n\n<p><a href=\"https:\/\/greenmotorshow.solarimpulse.it\/index.php\/diario-di-viaggio\/capitolo-4\/\">Torna al capitolo 4<\/a><\/p>\n\n\n\n<p><a href=\"https:\/\/greenmotorshow.solarimpulse.it\/index.php\/diario-di-viaggio\/capitolo-1\/\">Torna al primo capitolo<\/a><\/p>\n","protected":false},"excerpt":{"rendered":"<p>Poteva andar peggio,avrebbe potuto piovere Siamo arrivati al nostro ultimo giorno di viaggio. Non tutto \u00e8 andato come previsto, ma tutto \u00e8 bene quel finisce bene. Anche noi, come il protagonista del libro cult Lo Zen e l&#8217;arte della manutenzione della motocicletta, siamo partiti con \u00abpi\u00f9 voglia di viaggiare che non di arrivare in un &hellip; <\/p>\n<p class=\"link-more\"><a href=\"https:\/\/greenmotorshow.solarimpulse.it\/index.php\/diario-di-viaggio\/capitolo-5\/\" class=\"more-link\">Leggi tutto<span class=\"screen-reader-text\"> &#8220;Capitolo 5&#8221;<\/span><\/a><\/p>\n","protected":false},"author":1,"featured_media":0,"parent":13,"menu_order":5,"comment_status":"closed","ping_status":"closed","template":"","meta":[],"_links":{"self":[{"href":"https:\/\/greenmotorshow.solarimpulse.it\/index.php\/wp-json\/wp\/v2\/pages\/268"}],"collection":[{"href":"https:\/\/greenmotorshow.solarimpulse.it\/index.php\/wp-json\/wp\/v2\/pages"}],"about":[{"href":"https:\/\/greenmotorshow.solarimpulse.it\/index.php\/wp-json\/wp\/v2\/types\/page"}],"author":[{"embeddable":true,"href":"https:\/\/greenmotorshow.solarimpulse.it\/index.php\/wp-json\/wp\/v2\/users\/1"}],"replies":[{"embeddable":true,"href":"https:\/\/greenmotorshow.solarimpulse.it\/index.php\/wp-json\/wp\/v2\/comments?post=268"}],"version-history":[{"count":4,"href":"https:\/\/greenmotorshow.solarimpulse.it\/index.php\/wp-json\/wp\/v2\/pages\/268\/revisions"}],"predecessor-version":[{"id":361,"href":"https:\/\/greenmotorshow.solarimpulse.it\/index.php\/wp-json\/wp\/v2\/pages\/268\/revisions\/361"}],"up":[{"embeddable":true,"href":"https:\/\/greenmotorshow.solarimpulse.it\/index.php\/wp-json\/wp\/v2\/pages\/13"}],"wp:attachment":[{"href":"https:\/\/greenmotorshow.solarimpulse.it\/index.php\/wp-json\/wp\/v2\/media?parent=268"}],"curies":[{"name":"wp","href":"https:\/\/api.w.org\/{rel}","templated":true}]}}